{"id":356,"date":"2015-04-23T12:57:21","date_gmt":"2015-04-23T12:57:21","guid":{"rendered":"http:\/\/demo1.wprentals.org\/?page_id=356"},"modified":"2025-04-01T20:06:32","modified_gmt":"2025-04-01T18:06:32","slug":"conditions-generales-de-ventes","status":"publish","type":"page","link":"https:\/\/mahloa-landes.com\/index.php\/conditions-generales-de-ventes\/","title":{"rendered":"Conditions g\u00e9n\u00e9rales de ventes"},"content":{"rendered":"<section class=\"has_ma_el_bg_slider elementor-section elementor-top-section elementor-element elementor-element-0b66f9d elementor-section-boxed elementor-section-height-default elementor-section-height-default jltma-glass-effect-no\" data-id=\"0b66f9d\" data-element_type=\"section\">\n<div class=\"elementor-container elementor-column-gap-default\">\n<div class=\"has_ma_el_bg_slider elementor-column elementor-col-100 elementor-top-column elementor-element elementor-element-77a4aae jltma-glass-effect-no\" data-id=\"77a4aae\" data-element_type=\"column\">\n<div class=\"elementor-widget-wrap elementor-element-populated\">\n<div class=\"elementor-element elementor-element-8d9ef08 jltma-glass-effect-no elementor-widget elementor-widget-text-editor\" data-id=\"8d9ef08\" data-element_type=\"widget\" data-widget_type=\"text-editor.default\">\n<div class=\"elementor-widget-container\">\n<h2>1. R\u00e8glement.<\/h2>\n<p>Le montant du s\u00e9jour est \u00e0 verser en int\u00e9gralit\u00e9 \u00e0 la r\u00e9servation. Pas de frais de dossier.<\/p>\n<p>D\u00e8s r\u00e9ception du r\u00e8glement, vous recevrez une confirmation de votre r\u00e9servation par mail \u00e0 remettre lors de votre arriv\u00e9e sur lequel figureront les informations pratiques de votre s\u00e9jour.<\/p>\n<h2>2. Moyens de paiements accept\u00e9s.<\/h2>\n<ul>\n<li>Carte bancaire<\/li>\n<li>Virement<\/li>\n<\/ul>\n<h2>3. Capacit\u00e9.<\/h2>\n<p>Le nombre de personnes mentionn\u00e9es par logement dans nos tarifs correspond \u00e0 l\u2019occupation maximale autoris\u00e9e compte tenu de l\u2019\u00e9quipement disponible. Il ne peut \u00eatre d\u00e9pass\u00e9 pour des raisons de s\u00e9curit\u00e9.<\/p>\n<h2>4. Tarifs.<\/h2>\n<p>Les tarifs figurant sur notre site Internet\u00a0 sont susceptibles d\u2019\u00eatre modifi\u00e9s en fonction des conditions \u00e9conomiques ou de dispositions r\u00e9glementaires, ils s\u2019entendent toutes taxes comprises sauf taxes de s\u00e9jour et comprennent uniquement la mise \u00e0 disposition du logement et la location de Draps et serviettes.. Ils n\u2019incluent pas les services optionnels. Seul le prix figurant sur votre bon d\u2019\u00e9change ou autre courrier de confirmation fait foi.<\/p>\n<h2>5. R\u00e9servation \u2013 Confirmation de la r\u00e9servation.<\/h2>\n<p>Demande de r\u00e9servation :<\/p>\n<p>Le client doit notifier les dates de s\u00e9jour souhait\u00e9es en les choisissant dans le calendrier de r\u00e9servation.<\/p>\n<p>Option de r\u00e9servation :<\/p>\n<p>Le paiement de la totalit\u00e9 de la r\u00e9servation s\u2019effectue directement sur le site de r\u00e9servation MAHLOA. La villa vous sera r\u00e9serv\u00e9 \u00e0 r\u00e9ception du paiement.<\/p>\n<p>Confirmation de r\u00e9servation :<\/p>\n<p>Apr\u00e8s r\u00e9ception du paiement, nous vous confirmeront la r\u00e9servation par un email de confirmation.<\/p>\n<h2>6. Modification ou annulation de votre s\u00e9jour avant votre arriv\u00e9e.<\/h2>\n<p>Toute annulation de s\u00e9jour devra \u00eatre effectu\u00e9e soit par le client par mail mahloa@yahoo.com en utilisant de pr\u00e9f\u00e9rence la r\u00e9ponse aux envois pr\u00e9c\u00e9demment effectu\u00e9s entre le client et Mahloa.<\/p>\n<p>Pour tout s\u00e9jour annul\u00e9 de plus de 30 jours avant la date d\u2019arriv\u00e9e, nous retiendrons l\u2019\u00e9quivalent de 30% du s\u00e9jour. Entre 30 et 8 jours avant le s\u00e9jour, il sera retenu 60% du montant. Pour tout s\u00e9jour annul\u00e9 dans les 7 jours pr\u00e9c\u00e9dant la date d\u2019arriv\u00e9e, interrompu ou non consomm\u00e9 pour quelque raison que ce soit, la totalit\u00e9 du montant du s\u00e9jour r\u00e9serv\u00e9 sera redevable ou restera acquise \u00e0 Mahloa.<\/p>\n<p>R\u00e9siliation en cours de s\u00e9jour :<\/p>\n<p>La dur\u00e9e du s\u00e9jour est celle pr\u00e9vue dans le contrat de location. Sauf accord des deux parties, nous conserveront l\u2019int\u00e9gralit\u00e9 du prix de la location d\u00fb, jusqu\u2019au terme du s\u00e9jour. Dans le cas du non-respect des conditions d\u2019utilisation du bien lou\u00e9, le contrat de location peut \u00eatre r\u00e9sili\u00e9 de plein droit par nos soin, sans indemnisation ni compensation.<\/p>\n<p>La dur\u00e9e du s\u00e9jour est celle pr\u00e9vue lors de la r\u00e9servation sur le site mahloa-landes.com.<\/p>\n<p>Sauf accord des deux parties, nous conserveront l\u2019int\u00e9gralit\u00e9 du prix de la location d\u00fb, jusqu\u2019au terme du s\u00e9jour. En cas de force majeure ou circonstances impr\u00e9vues telles que r\u00e9novations obligatoires, inondations ou autres \u2026Mahloa se r\u00e9serve le droit d\u2019annuler la r\u00e9servation et les frais seront rembours\u00e9s.<\/p>\n<p>\u00a0<\/p>\n<\/div>\n<\/div>\n<\/div>\n<\/div>\n<\/div>\n<\/section>\n<section class=\"has_ma_el_bg_slider elementor-section elementor-top-section elementor-element elementor-element-7d77fa0 elementor-section-content-middle elementor-section-boxed elementor-section-height-default elementor-section-height-default jltma-glass-effect-no\" data-id=\"7d77fa0\" data-element_type=\"section\" data-settings=\"{&quot;background_background&quot;:&quot;classic&quot;}\">\n<div class=\"elementor-container elementor-column-gap-default\">\n<div class=\"has_ma_el_bg_slider elementor-column elementor-col-66 elementor-top-column elementor-element elementor-element-4ddf3fb jltma-glass-effect-no\" data-id=\"4ddf3fb\" data-element_type=\"column\">\n<div class=\"elementor-widget-wrap elementor-element-populated\">\n<div class=\"elementor-element elementor-element-42d438d jltma-glass-effect-no elementor-widget elementor-widget-text-editor\" data-id=\"42d438d\" data-element_type=\"widget\" data-widget_type=\"text-editor.default\">\n<div class=\"elementor-widget-container\">\u00a0<\/div>\n<\/div>\n<\/div>\n<\/div>\n<\/div>\n<\/section>\n\n\n<p><\/p>\n","protected":false},"excerpt":{"rendered":"<p>1. R\u00e8glement. Le montant du s\u00e9jour est \u00e0 verser en int\u00e9gralit\u00e9 \u00e0 la r\u00e9servation. Pas de frais de dossier. D\u00e8s r\u00e9ception du r\u00e8glement, vous recevrez une confirmation de votre r\u00e9servation par mail \u00e0 remettre lors de votre arriv\u00e9e sur lequel figureront les informations pratiques de votre s\u00e9jour. 2. Moyens de paiements accept\u00e9s. Carte bancaire Virement &#8230;<\/p>\n","protected":false},"author":1,"featured_media":0,"parent":0,"menu_order":0,"comment_status":"closed","ping_status":"closed","template":"terms_conditions.php","meta":{"inline_featured_image":false,"_monsterinsights_skip_tracking":false,"_monsterinsights_sitenote_active":false,"_monsterinsights_sitenote_note":"","_monsterinsights_sitenote_category":0,"footnotes":""},"class_list":["post-356","page","type-page","status-publish","hentry"],"aioseo_notices":[],"_links":{"self":[{"href":"https:\/\/mahloa-landes.com\/index.php\/wp-json\/wp\/v2\/pages\/356","targetHints":{"allow":["GET"]}}],"collection":[{"href":"https:\/\/mahloa-landes.com\/index.php\/wp-json\/wp\/v2\/pages"}],"about":[{"href":"https:\/\/mahloa-landes.com\/index.php\/wp-json\/wp\/v2\/types\/page"}],"author":[{"embeddable":true,"href":"https:\/\/mahloa-landes.com\/index.php\/wp-json\/wp\/v2\/users\/1"}],"replies":[{"embeddable":true,"href":"https:\/\/mahloa-landes.com\/index.php\/wp-json\/wp\/v2\/comments?post=356"}],"version-history":[{"count":2,"href":"https:\/\/mahloa-landes.com\/index.php\/wp-json\/wp\/v2\/pages\/356\/revisions"}],"predecessor-version":[{"id":37924,"href":"https:\/\/mahloa-landes.com\/index.php\/wp-json\/wp\/v2\/pages\/356\/revisions\/37924"}],"wp:attachment":[{"href":"https:\/\/mahloa-landes.com\/index.php\/wp-json\/wp\/v2\/media?parent=356"}],"curies":[{"name":"wp","href":"https:\/\/api.w.org\/{rel}","templated":true}]}}